{"id":4777,"date":"2023-09-07T10:58:56","date_gmt":"2023-09-07T10:58:56","guid":{"rendered":"https:\/\/themelia.hr\/?page_id=4777"},"modified":"2023-09-07T13:17:55","modified_gmt":"2023-09-07T13:17:55","slug":"obrada-osobnih-podataka-kupaca-themelije","status":"publish","type":"page","link":"https:\/\/themelia.hr\/hr\/obrada-osobnih-podataka-kupaca-themelije\/","title":{"rendered":"OBRADA OSOBNIH PODATAKA KUPACA THEMELIJE"},"content":{"rendered":"<div class=\"wrapper wrapper__bg-color wrapper__spacing-bottom-in-large--70 wrapper__spacing-bottom-in-tablet--30\" >\n\t\n\t\t\t<div class=\"wrapper__container wrapper__container-width-large--default wrapper__gutter-large--default\">\n\t\t\t<div class=\"wrapper__inner wrapper__width-large--12\">\n\t\t\t\t\n<div class=\"block-paragraph\" data-id=\"f14e592b\">\n\t<style> .block-paragraph[data-id='f14e592b']{--block-paragraph-align: left;} <\/style><style> .paragraph[data-id='cb5380a8']{--paragraph-font-size: 1.6rem;--paragraph-line-height: 1.3;--paragraph-color: var(--global-colors-black);--paragraph-link-color: var(--global-colors-black);--paragraph-link-color-hover: var(--global-colors-black);} @media (min-width:480px){.paragraph[data-id='cb5380a8']{--paragraph-font-size: 1.8rem;}} <\/style>\n<p class=\"paragraph block-paragraph__paragraph\" data-id=\"cb5380a8\">\n\t<br><strong>OBAVIJEST O OBRADI OSOBNIH PODATAKA KUPACA THEMELIJE<\/strong><br><br>Ova Obavijest o obradi osobnih podataka kupaca Themelije (\u201eObavijest\u201c) primjenjuje se na obradu<br>osobnih podataka kupaca, koju provodi THEMELIA d.o.o., Zagreb, Palmoti\u0107eva 26 (\u201eThemelia\u201c). <br><br>Themelia je voditelj obrade osobnih podataka kupaca fizi\u010dkih osoba ili obrtnika, odnosno radnika i drugih predstavnika kupaca pravnih osoba. Obavijest se ne primjenjuje na podatke o pravnim osobama niti na podatke u vezi s poslovanjem pravnih osoba, ve\u0107 samo na ispitanike fizi\u010dke osobe.<br><br>U ovoj Obavijesti opisujemo tko smo mi, koje kategorije va\u0161ih osobnih podataka obra\u0111ujemo, kako i u koje svrhe ih obra\u0111ujemo, na koji na\u010din \u0161titimo va\u0161e osobne podatke te koja prava imate u vezi s na\u0161om obradom va\u0161ih osobnih podataka.<\/p><\/div>\n\t\t\t<\/div>\n\t\t<\/div>\n\t<\/div>\n\n\n<div class=\"wrapper wrapper__bg-color wrapper__spacing-bottom-in-large--70 wrapper__spacing-bottom-in-tablet--30\" >\n\t\n\t\t\t<div class=\"wrapper__container wrapper__container-width-large--default wrapper__gutter-large--default\">\n\t\t\t<div class=\"wrapper__inner wrapper__width-large--12\">\n\t\t\t\t\n<div class=\"block-paragraph\" data-id=\"56b8c653\">\n\t<style> .block-paragraph[data-id='56b8c653']{--block-paragraph-align: left;} <\/style><style> .paragraph[data-id='791c5194']{--paragraph-font-size: 1.6rem;--paragraph-line-height: 1.3;--paragraph-color: var(--global-colors-black);--paragraph-link-color: var(--global-colors-black);--paragraph-link-color-hover: var(--global-colors-black);} @media (min-width:480px){.paragraph[data-id='791c5194']{--paragraph-font-size: 1.8rem;}} <\/style>\n<p class=\"paragraph block-paragraph__paragraph\" data-id=\"791c5194\">\n\t<strong>KOJE KATEGORIJE OSOBNIH PODATAKA KUPACA THEMELIA PRIKUPLJA I OBRA\u0110UJE?<\/strong><br><br>Themelia prikuplja i obra\u0111uje sljede\u0107e kategorije osobnih podataka svojih kupaca odnosno njihovih predstavnika:<\/p><\/div>\n\t\t\t<\/div>\n\t\t<\/div>\n\t<\/div>\n\n\n<div class=\"wrapper wrapper__bg-color wrapper__spacing-bottom-in-large--40\" >\n\t\n\t\t\t<div class=\"wrapper__container wrapper__container-width-large--default wrapper__gutter-large--default\">\n\t\t\t<div class=\"wrapper__inner wrapper__width-large--12\">\n\t\t\t\t\n<div class=\"block-image\" data-id=\"ea858bf7\">\n\t<style> .block-image[data-id='ea858bf7']{--block-image-align-horizontal: center;--block-image-align-vertical: center;} <\/style><picture class=\"image block-image__image\" data-id=\"9396ed4d\">\n\n\t\t\t\n\t\t\t\t\t\t\t\t\t\t\t\t\t\t\t\t\t\t\t\n\t\t\t<img decoding=\"async\" src=\"https:\/\/themelia.hr\/wp-content\/uploads\/2023\/09\/Screenshot-2023-09-07-132502.png\" loading=\"lazy\" class=\"image__img block-image__image-img\" alt=\"\" \/>\n\t\t<\/picture><\/div>\n\t\t\t<\/div>\n\t\t<\/div>\n\t<\/div>\n\n\n<div class=\"wrapper wrapper__bg-color wrapper__spacing-bottom-in-large--70 wrapper__spacing-bottom-in-tablet--30\" >\n\t\n\t\t\t<div class=\"wrapper__container wrapper__container-width-large--default wrapper__gutter-large--default\">\n\t\t\t<div class=\"wrapper__inner wrapper__width-large--12\">\n\t\t\t\t\n<div class=\"block-paragraph\" data-id=\"ce7ee07c\">\n\t<style> .block-paragraph[data-id='ce7ee07c']{--block-paragraph-align: left;} <\/style><style> .paragraph[data-id='77bb8259']{--paragraph-font-size: 1.6rem;--paragraph-line-height: 1.3;--paragraph-color: var(--global-colors-black);--paragraph-link-color: var(--global-colors-black);--paragraph-link-color-hover: var(--global-colors-black);} @media (min-width:480px){.paragraph[data-id='77bb8259']{--paragraph-font-size: 1.8rem;}} <\/style>\n<p class=\"paragraph block-paragraph__paragraph\" data-id=\"77bb8259\">\n\t<strong>U KOJE SVRHE THEMELIA OBRA\u0110UJE OSOBNE PODATKE KUPACA?<\/strong><br><br>Themelia obra\u0111uje osobne podatke svojih kupaca te njihovih predstavnika prvenstveno u sljede\u0107e svrhe:<br><br>     <strong>a. radi sklapanja i izvr\u0161enja ugovora<\/strong><br><br>Themelia obra\u0111uje osobne podatke kupaca ako oni sklapaju ugovor s Themelijom. U tom slu\u010daju Themelia koristi osobne podatke kako bi im isporu\u010dila robu, pru\u017eila usluge i izvr\u0161ila radove. Themelia tako\u0111er obra\u0111uje osobne podatke kupaca, odnosno njihovih predstavnika u administrativne svrhe, primjerice radi komunikacije, slanja faktura, itd.<br><br>Mogu\u0107e je da \u0107e Themelia koristiti osobne podatke kupaca i njihovih predstavnika kako bi komunicirala s njima prije sklapanja ugovora i tijekom trajanja ugovornog odnosa te kako bi odgovorila na njihova pitanja i zahtjeve. U tu svrhu Themelia obra\u0111uje identifikacijske i kontakt podatke kupaca i njihovih predstavnika te podatke o pla\u0107anju.<br><br>U navedenom slu\u010daju Themelia obra\u0111uje navedene osobne podatke jer je takva obrada nu\u017ena radi sklapanja i izvr\u0161avanja ugovora koji Themelia sklopi s kupcima te kako bi Themelia poduzela odgovaraju\u0107e radnje na njihov zahtjev prije sklapanja ugovora.<br><br>     <strong>b. radi po\u0161tivanja propisa od strane Themelije<\/strong><br><br>U odre\u0111enim slu\u010dajevima Themelia \u0107e obra\u0111ivati osobne podatke svojih kupaca radi po\u0161tivanja zakona i drugih propisa, odnosno radi po\u0161tivanja pravnih obveza Themelije kao voditelja obrade. To se posebice odnosi na obveze vezane uz fakturiranje, poreze i druga davanja.<br><br>Mogu\u0107e je da \u0107e Themelia na temelju zakona i drugih propisa biti obvezna dostaviti osobne podatke kupaca dr\u017eavnim institucijama ili nadzornim tijelima.<br><br>U tu svrhu Themelia mo\u017ee obra\u0111ivati identifikacijske podatke kupaca, podatke o pla\u0107anju i druge podatke koje kupci dostave Themeliji tijekom trajanja ugovornog odnosa.<br><br>U navedenom slu\u010daju Themelia obra\u0111uje osobne podatke jer je takva obrada nu\u017ena radi po\u0161tivanja pravnih obveza Themelije.<br><br>    <strong> c. radi obavje\u0161tavanja o uslugama, promocijama, akcijama i pogodnostima Themelije<\/strong><br><br>Themelia mo\u017ee obra\u0111ivati osobne podatke kupaca i njihovih predstavnika kako bi ih obavijestila o uslugama, promocijama, akcijama i posebnim pogodnostima Themelije. Na taj na\u010din Themelia informira kupce o robi, uslugama i ponudama koje bi ih mogle zanimati slanjem promid\u017ebenih poruka i newslettera putem e-maila ili na drugi prikladan na\u010din.<br><br>U tu svrhu Themelia mo\u017ee obra\u0111ivati identifikacijske podatke, poput imena i prezimena te kontakt podatke kupaca, poput e-mail adrese.<br><br>U navedenom slu\u010daju Themelia obra\u0111uje osobne podatke na temelju privole kupaca, koju ispitanik mo\u017ee povu\u0107i u svakom trenutku u cijelosti ili djelomi\u010dno ili na temelju svog legitimnog interesa da obra\u0111uje podatke kupaca u svrhu obavje\u0161tavanja. <\/p><\/div>\n\t\t\t<\/div>\n\t\t<\/div>\n\t<\/div>\n\n\n<div class=\"wrapper wrapper__bg-color wrapper__spacing-bottom-in-large--70 wrapper__spacing-bottom-in-tablet--30\" >\n\t\n\t\t\t<div class=\"wrapper__container wrapper__container-width-large--default wrapper__gutter-large--default\">\n\t\t\t<div class=\"wrapper__inner wrapper__width-large--12\">\n\t\t\t\t\n<div class=\"block-paragraph\" data-id=\"d05c21d5\">\n\t<style> .block-paragraph[data-id='d05c21d5']{--block-paragraph-align: left;} <\/style><style> .paragraph[data-id='5081e7ba']{--paragraph-font-size: 1.6rem;--paragraph-line-height: 1.3;--paragraph-color: var(--global-colors-black);--paragraph-link-color: var(--global-colors-black);--paragraph-link-color-hover: var(--global-colors-black);} @media (min-width:480px){.paragraph[data-id='5081e7ba']{--paragraph-font-size: 1.8rem;}} <\/style>\n<p class=\"paragraph block-paragraph__paragraph\" data-id=\"5081e7ba\">\n\t<strong>KOLIKO DUGO THEMELIA \u010cUVA OSOBNE PODATKE KUPACA?<\/strong><br><br>Osobne podatke kupaca (uklju\u010duju\u0107i njihove predstavnike) Themelia \u010duva u razdoblju koje je potrebno za postizanje gore opisanih svrha.<br><br>Themelia \u010duva navedene osobne podatke u rokovima propisanim zakonom i drugim propisima, a u odre\u0111enim slu\u010dajevima koliko je to razumno i preporu\u010dljivo u kontekstu va\u017ee\u0107eg roka zastare.<br><br>Postoji mogu\u0107nost da \u0107e Themelia biti du\u017ena trajno \u010duvati neke osobne podatke kupaca, kako je to predvi\u0111eno internim aktima Themelije i mjerodavnim propisima.<br><br>Rokovi \u010duvanja osobnih podataka te druga pravila \u010duvanja osobnih podataka odre\u0111eni su u Themelijinoj Politici \u010duvanja osobnih podataka.<br><br>Themelia \u0107e odr\u017eavati osobne podatke kupaca to\u010dnima i a\u017eurnima, na temelju podataka koje Themeliji dostavi predmetni kupac.<br><br>Po proteku vremena potrebnog ili propisanog za obradu osobnih podatka, Themelia \u0107e osobne podatke kupaca na siguran na\u010din izbrisati ili uni\u0161titi.<\/p><\/div>\n\t\t\t<\/div>\n\t\t<\/div>\n\t<\/div>\n\n\n<div class=\"wrapper wrapper__bg-color wrapper__spacing-bottom-in-large--70 wrapper__spacing-bottom-in-tablet--30\" >\n\t\n\t\t\t<div class=\"wrapper__container wrapper__container-width-large--default wrapper__gutter-large--default\">\n\t\t\t<div class=\"wrapper__inner wrapper__width-large--12\">\n\t\t\t\t\n<div class=\"block-paragraph\" data-id=\"8922bf93\">\n\t<style> .block-paragraph[data-id='8922bf93']{--block-paragraph-align: left;} <\/style><style> .paragraph[data-id='ff8008d3']{--paragraph-font-size: 1.6rem;--paragraph-line-height: 1.3;--paragraph-color: var(--global-colors-black);--paragraph-link-color: var(--global-colors-black);--paragraph-link-color-hover: var(--global-colors-black);} @media (min-width:480px){.paragraph[data-id='ff8008d3']{--paragraph-font-size: 1.8rem;}} <\/style>\n<p class=\"paragraph block-paragraph__paragraph\" data-id=\"ff8008d3\">\n\t<strong>TKO IMA PRISTUP OSOBNIM PODACIMA KUPACA?<\/strong><br><br>Pristup osobnim podacima kupaca mogu imati radnici Themelije koji imaju ograni\u010dena prava pristupa i obrade podataka u svrhe obavljanja poslova njihovog radnog mjesta, osobito radnici obavljaju administrativne poslove, poput izrade ponuda, fakturiranja i naplate i sl.<br><br>Radnici Themelije koji su ovla\u0161teni na pristup ili na drugi na\u010din obrade osobne podatke kupaca du\u017eni su \u010duvati povjerljivost osobnih podataka i postupati u skladu s obavijestima o privatnosti, politikama, procedurama i ostalim internim aktima i ugovorom preuzetim obvezama Themelije.<br><br>U mjeri u kojoj je to potrebno i dopu\u0161teno propisima, kako bi ostvarila svrhe u koje su osobni podaci prikupljeni i\/ili obra\u0111eni, Themelia ih mo\u017ee podijeliti s tre\u0107im primateljima kao \u0161to su:<br><br>a.      pru\u017eatelji usluga, koji na temelju posebnih ugovora pru\u017eaju odre\u0111ene usluge koje mogu uklju\u010divati i obradu osobnih podataka                                                                         kupaca Themelije, npr. pru\u017eatelji ra\u010dunovodstvenih, pravnih ili informati\u010dkih usluga, itd.<br><br>b.      tijela javne vlasti ili pravni subjekti u privatnom vlasni\u0161tvu, kada je Themelia du\u017ena dostaviti osobne podatke kupaca na temelju zakonske obveze ili kada je to potrebno da bi Themelia za\u0161titila svoja prava i interese.<\/p><\/div>\n\t\t\t<\/div>\n\t\t<\/div>\n\t<\/div>\n\n\n<div class=\"wrapper wrapper__bg-color wrapper__spacing-bottom-in-large--70 wrapper__spacing-bottom-in-tablet--30\" >\n\t\n\t\t\t<div class=\"wrapper__container wrapper__container-width-large--default wrapper__gutter-large--default\">\n\t\t\t<div class=\"wrapper__inner wrapper__width-large--12\">\n\t\t\t\t\n<div class=\"block-paragraph\" data-id=\"02003a93\">\n\t<style> .block-paragraph[data-id='02003a93']{--block-paragraph-align: left;} <\/style><style> .paragraph[data-id='58c2e264']{--paragraph-font-size: 1.6rem;--paragraph-line-height: 1.3;--paragraph-color: var(--global-colors-black);--paragraph-link-color: var(--global-colors-black);--paragraph-link-color-hover: var(--global-colors-black);} @media (min-width:480px){.paragraph[data-id='58c2e264']{--paragraph-font-size: 1.8rem;}} <\/style>\n<p class=\"paragraph block-paragraph__paragraph\" data-id=\"58c2e264\">\n\t<strong>KAKO SU ZA\u0160TI\u0106ENI OSOBNI PODACI KUPACA?<\/strong><br><br>Kako bi za\u0161titila osobne podatke kupaca, Themelia poduzima odgovaraju\u0107e mjere za\u0161tite koje su u skladu s primjenjivim propisima o za\u0161titi privatnosti i podataka.<br><br>To uklju\u010duje i zahtjev prema Themelijinim pru\u017eateljima usluga da provode odgovaraju\u0107e mjere kako bi za\u0161titili povjerljivost i sigurnost osobnih podataka kupaca.<br><br>U svom poslovanju Themelia je implementirala tehni\u010dke, fizi\u010dke i organizacijske mjere za za\u0161titu osobnih podataka kupaca od slu\u010dajnog ili nezakonitog uni\u0161tenja, slu\u010dajnog gubitka, \u0161tete, izmjene, neovla\u0161tenog odavanja ili pristupa te od svih ostalih oblika nezakonite i\/ili pretjerane obrade.<\/p><\/div>\n\t\t\t<\/div>\n\t\t<\/div>\n\t<\/div>\n\n\n<div class=\"wrapper wrapper__bg-color wrapper__spacing-bottom-in-large--70 wrapper__spacing-bottom-in-tablet--30\" >\n\t\n\t\t\t<div class=\"wrapper__container wrapper__container-width-large--default wrapper__gutter-large--default\">\n\t\t\t<div class=\"wrapper__inner wrapper__width-large--12\">\n\t\t\t\t\n<div class=\"block-paragraph\" data-id=\"b714792d\">\n\t<style> .block-paragraph[data-id='b714792d']{--block-paragraph-align: left;} <\/style><style> .paragraph[data-id='1aadeb98']{--paragraph-font-size: 1.6rem;--paragraph-line-height: 1.3;--paragraph-color: var(--global-colors-black);--paragraph-link-color: var(--global-colors-black);--paragraph-link-color-hover: var(--global-colors-black);} @media (min-width:480px){.paragraph[data-id='1aadeb98']{--paragraph-font-size: 1.8rem;}} <\/style>\n<p class=\"paragraph block-paragraph__paragraph\" data-id=\"1aadeb98\">\n\t<strong>KOJA SU PRAVA KUPACA I KAKO SE MOGU OSTVARITI?<\/strong><br><br>U okviru za\u0161tite osobnih podataka kupci imaju sljede\u0107a prava:<br><br>a. pravo na pristup svojim osobnim podacima, tj. pravo zahtijevati potvrdu obra\u0111uju li se njihovi osobni podaci te ako se takvi podaci obra\u0111uju, pravo zahtijevati pristup i informacije o obradi i kopiju osobnih podataka koji se obra\u0111uju;<br><br>b. pravo na ispravak neto\u010dnih i nadopunu nepotpunih podataka;<br><br>c. pravo na brisanje osobnih podataka, posebice ako takvi podaci vi\u0161e nisu nu\u017eni u odnosu na svrhe za koje su prikupljeni, ako su nezakonito  obra\u0111eni, ako postoji obveza brisanja radi po\u0161tivanja pravnih obveza, ili ako ste danu privolu povukli;<br><br>d. pravo na ograni\u010davanje obrade osobnih podataka;<br><br>e. pravo ulo\u017eiti prigovor na obradu osobnih podataka;<br><br>f. pravo podnijeti pritu\u017ebu Agenciji za za\u0161titu osobnih podataka. Themelia \u0107e poduzeti sve mjere kako bi omogu\u0107ila da kupci ostvare gore navedena prava, no u odre\u0111enim slu\u010dajevima ostvarivanje tih prava mo\u017ee biti ograni\u010deno ili isklju\u010deno.<\/p><\/div>\n\t\t\t<\/div>\n\t\t<\/div>\n\t<\/div>\n\n\n<div class=\"wrapper wrapper__bg-color wrapper__spacing-bottom-in-large--70 wrapper__spacing-bottom-in-tablet--30\" >\n\t\n\t\t\t<div class=\"wrapper__container wrapper__container-width-large--default wrapper__gutter-large--default\">\n\t\t\t<div class=\"wrapper__inner wrapper__width-large--12\">\n\t\t\t\t\n<div class=\"block-paragraph\" data-id=\"9c8ca90d\">\n\t<style> .block-paragraph[data-id='9c8ca90d']{--block-paragraph-align: left;} <\/style><style> .paragraph[data-id='9d6dfaad']{--paragraph-font-size: 1.6rem;--paragraph-line-height: 1.3;--paragraph-color: var(--global-colors-black);--paragraph-link-color: var(--global-colors-black);--paragraph-link-color-hover: var(--global-colors-black);} @media (min-width:480px){.paragraph[data-id='9d6dfaad']{--paragraph-font-size: 1.8rem;}} <\/style>\n<p class=\"paragraph block-paragraph__paragraph\" data-id=\"9d6dfaad\">\n\t<strong>KOME SE MO\u017dETE OBRATITI S UPITIMA O ZA\u0160TITI OSOBNIH PODATAKA?<\/strong><br><br>Za bilo kakve dodatne informacije, slobodno se mo\u017eete obratiti Themeliji, putem emaila na adresu:<br>themelia@themelia.hr.<\/p><\/div>\n\t\t\t<\/div>\n\t\t<\/div>\n\t<\/div>\n\n\n<div class=\"wrapper wrapper__bg-color wrapper__spacing-bottom-in-large--70 wrapper__spacing-bottom-in-tablet--30\" >\n\t\n\t\t\t<div class=\"wrapper__container wrapper__container-width-large--default wrapper__gutter-large--default\">\n\t\t\t<div class=\"wrapper__inner wrapper__width-large--12\">\n\t\t\t\t\n<div class=\"block-paragraph\" data-id=\"fffc15c1\">\n\t<style> .block-paragraph[data-id='fffc15c1']{--block-paragraph-align: left;} <\/style><style> .paragraph[data-id='52b9dc4e']{--paragraph-font-size: 1.6rem;--paragraph-line-height: 1.3;--paragraph-color: var(--global-colors-black);--paragraph-link-color: var(--global-colors-black);--paragraph-link-color-hover: var(--global-colors-black);} @media (min-width:480px){.paragraph[data-id='52b9dc4e']{--paragraph-font-size: 1.8rem;}} <\/style>\n<p class=\"paragraph block-paragraph__paragraph\" data-id=\"52b9dc4e\">\n\t<strong>IZMJENA OBAVIJESTI I PRO\u010cI\u0160\u0106ENA VERZIJA<\/strong><br><br>Ova Obavijest primjenjuje se od 20.07.2018. te se mo\u017ee povremeno mijenjati. Zadnja verzija ove Obavijesti, koja \u0107e uvijek biti mjerodavna za obradu osobnih podataka kupaca, dostupna je na poveznici <a href=\"http:\/\/www.themelia.hr\">www.themelia.hr.<\/a><\/p><\/div>\n\t\t\t<\/div>\n\t\t<\/div>\n\t<\/div>\n","protected":false},"excerpt":{"rendered":"","protected":false},"author":3,"featured_media":0,"parent":0,"menu_order":0,"comment_status":"closed","ping_status":"closed","template":"","meta":{"footnotes":""},"class_list":["post-4777","page","type-page","status-publish","hentry"],"acf":[],"yoast_head":"<!-- This site is optimized with the Yoast SEO plugin v27.4 - https:\/\/yoast.com\/product\/yoast-seo-wordpress\/ -->\n<title>OBRADA OSOBNIH PODATAKA KUPACA THEMELIJE - Themelia<\/title>\n<meta name=\"robots\" content=\"index, follow, max-snippet:-1, max-image-preview:large, max-video-preview:-1\" \/>\n<link rel=\"canonical\" href=\"https:\/\/themelia.hr\/hr\/obrada-osobnih-podataka-kupaca-themelije\/\" \/>\n<meta property=\"og:locale\" content=\"hr_HR\" \/>\n<meta property=\"og:type\" content=\"article\" \/>\n<meta property=\"og:title\" content=\"OBRADA OSOBNIH PODATAKA KUPACA THEMELIJE - Themelia\" \/>\n<meta property=\"og:url\" content=\"https:\/\/themelia.hr\/hr\/obrada-osobnih-podataka-kupaca-themelije\/\" \/>\n<meta property=\"og:site_name\" content=\"Themelia\" \/>\n<meta property=\"article:publisher\" content=\"https:\/\/www.facebook.com\/people\/Themelia-Zagreb\/100057417371523\/\" \/>\n<meta property=\"article:modified_time\" content=\"2023-09-07T13:17:55+00:00\" \/>\n<meta name=\"twitter:card\" content=\"summary_large_image\" \/>\n<script type=\"application\/ld+json\" class=\"yoast-schema-graph\">{\"@context\":\"https:\\\/\\\/schema.org\",\"@graph\":[{\"@type\":\"WebPage\",\"@id\":\"https:\\\/\\\/themelia.hr\\\/hr\\\/obrada-osobnih-podataka-kupaca-themelije\\\/\",\"url\":\"https:\\\/\\\/themelia.hr\\\/hr\\\/obrada-osobnih-podataka-kupaca-themelije\\\/\",\"name\":\"OBRADA OSOBNIH PODATAKA KUPACA THEMELIJE - Themelia\",\"isPartOf\":{\"@id\":\"https:\\\/\\\/themelia.hr\\\/en\\\/#website\"},\"datePublished\":\"2023-09-07T10:58:56+00:00\",\"dateModified\":\"2023-09-07T13:17:55+00:00\",\"breadcrumb\":{\"@id\":\"https:\\\/\\\/themelia.hr\\\/hr\\\/obrada-osobnih-podataka-kupaca-themelije\\\/#breadcrumb\"},\"inLanguage\":\"hr\",\"potentialAction\":[{\"@type\":\"ReadAction\",\"target\":[\"https:\\\/\\\/themelia.hr\\\/hr\\\/obrada-osobnih-podataka-kupaca-themelije\\\/\"]}]},{\"@type\":\"BreadcrumbList\",\"@id\":\"https:\\\/\\\/themelia.hr\\\/hr\\\/obrada-osobnih-podataka-kupaca-themelije\\\/#breadcrumb\",\"itemListElement\":[{\"@type\":\"ListItem\",\"position\":1,\"name\":\"Home\",\"item\":\"https:\\\/\\\/themelia.hr\\\/hr\\\/\"},{\"@type\":\"ListItem\",\"position\":2,\"name\":\"OBRADA OSOBNIH PODATAKA KUPACA THEMELIJE\"}]},{\"@type\":\"WebSite\",\"@id\":\"https:\\\/\\\/themelia.hr\\\/en\\\/#website\",\"url\":\"https:\\\/\\\/themelia.hr\\\/en\\\/\",\"name\":\"Themelia\",\"description\":\"Najbolji dizajn namje\u0161taja\",\"publisher\":{\"@id\":\"https:\\\/\\\/themelia.hr\\\/en\\\/#organization\"},\"potentialAction\":[{\"@type\":\"SearchAction\",\"target\":{\"@type\":\"EntryPoint\",\"urlTemplate\":\"https:\\\/\\\/themelia.hr\\\/en\\\/?s={search_term_string}\"},\"query-input\":{\"@type\":\"PropertyValueSpecification\",\"valueRequired\":true,\"valueName\":\"search_term_string\"}}],\"inLanguage\":\"hr\"},{\"@type\":\"Organization\",\"@id\":\"https:\\\/\\\/themelia.hr\\\/en\\\/#organization\",\"name\":\"Themelia\",\"url\":\"https:\\\/\\\/themelia.hr\\\/en\\\/\",\"logo\":{\"@type\":\"ImageObject\",\"inLanguage\":\"hr\",\"@id\":\"https:\\\/\\\/themelia.hr\\\/en\\\/#\\\/schema\\\/logo\\\/image\\\/\",\"url\":\"https:\\\/\\\/themelia.hr\\\/wp-content\\\/uploads\\\/2024\\\/02\\\/LOGO-THEMELIA-BIJELI.png\",\"contentUrl\":\"https:\\\/\\\/themelia.hr\\\/wp-content\\\/uploads\\\/2024\\\/02\\\/LOGO-THEMELIA-BIJELI.png\",\"width\":500,\"height\":500,\"caption\":\"Themelia\"},\"image\":{\"@id\":\"https:\\\/\\\/themelia.hr\\\/en\\\/#\\\/schema\\\/logo\\\/image\\\/\"},\"sameAs\":[\"https:\\\/\\\/www.facebook.com\\\/people\\\/Themelia-Zagreb\\\/100057417371523\\\/\",\"https:\\\/\\\/www.instagram.com\\\/themelia.hr\\\/\"]}]}<\/script>\n<!-- \/ Yoast SEO plugin. -->","yoast_head_json":{"title":"OBRADA OSOBNIH PODATAKA KUPACA THEMELIJE - Themelia","robots":{"index":"index","follow":"follow","max-snippet":"max-snippet:-1","max-image-preview":"max-image-preview:large","max-video-preview":"max-video-preview:-1"},"canonical":"https:\/\/themelia.hr\/hr\/obrada-osobnih-podataka-kupaca-themelije\/","og_locale":"hr_HR","og_type":"article","og_title":"OBRADA OSOBNIH PODATAKA KUPACA THEMELIJE - Themelia","og_url":"https:\/\/themelia.hr\/hr\/obrada-osobnih-podataka-kupaca-themelije\/","og_site_name":"Themelia","article_publisher":"https:\/\/www.facebook.com\/people\/Themelia-Zagreb\/100057417371523\/","article_modified_time":"2023-09-07T13:17:55+00:00","twitter_card":"summary_large_image","schema":{"@context":"https:\/\/schema.org","@graph":[{"@type":"WebPage","@id":"https:\/\/themelia.hr\/hr\/obrada-osobnih-podataka-kupaca-themelije\/","url":"https:\/\/themelia.hr\/hr\/obrada-osobnih-podataka-kupaca-themelije\/","name":"OBRADA OSOBNIH PODATAKA KUPACA THEMELIJE - Themelia","isPartOf":{"@id":"https:\/\/themelia.hr\/en\/#website"},"datePublished":"2023-09-07T10:58:56+00:00","dateModified":"2023-09-07T13:17:55+00:00","breadcrumb":{"@id":"https:\/\/themelia.hr\/hr\/obrada-osobnih-podataka-kupaca-themelije\/#breadcrumb"},"inLanguage":"hr","potentialAction":[{"@type":"ReadAction","target":["https:\/\/themelia.hr\/hr\/obrada-osobnih-podataka-kupaca-themelije\/"]}]},{"@type":"BreadcrumbList","@id":"https:\/\/themelia.hr\/hr\/obrada-osobnih-podataka-kupaca-themelije\/#breadcrumb","itemListElement":[{"@type":"ListItem","position":1,"name":"Home","item":"https:\/\/themelia.hr\/hr\/"},{"@type":"ListItem","position":2,"name":"OBRADA OSOBNIH PODATAKA KUPACA THEMELIJE"}]},{"@type":"WebSite","@id":"https:\/\/themelia.hr\/en\/#website","url":"https:\/\/themelia.hr\/en\/","name":"Themelia","description":"Najbolji dizajn namje\u0161taja","publisher":{"@id":"https:\/\/themelia.hr\/en\/#organization"},"potentialAction":[{"@type":"SearchAction","target":{"@type":"EntryPoint","urlTemplate":"https:\/\/themelia.hr\/en\/?s={search_term_string}"},"query-input":{"@type":"PropertyValueSpecification","valueRequired":true,"valueName":"search_term_string"}}],"inLanguage":"hr"},{"@type":"Organization","@id":"https:\/\/themelia.hr\/en\/#organization","name":"Themelia","url":"https:\/\/themelia.hr\/en\/","logo":{"@type":"ImageObject","inLanguage":"hr","@id":"https:\/\/themelia.hr\/en\/#\/schema\/logo\/image\/","url":"https:\/\/themelia.hr\/wp-content\/uploads\/2024\/02\/LOGO-THEMELIA-BIJELI.png","contentUrl":"https:\/\/themelia.hr\/wp-content\/uploads\/2024\/02\/LOGO-THEMELIA-BIJELI.png","width":500,"height":500,"caption":"Themelia"},"image":{"@id":"https:\/\/themelia.hr\/en\/#\/schema\/logo\/image\/"},"sameAs":["https:\/\/www.facebook.com\/people\/Themelia-Zagreb\/100057417371523\/","https:\/\/www.instagram.com\/themelia.hr\/"]}]}},"_links":{"self":[{"href":"https:\/\/themelia.hr\/hr\/wp-json\/wp\/v2\/pages\/4777","targetHints":{"allow":["GET"]}}],"collection":[{"href":"https:\/\/themelia.hr\/hr\/wp-json\/wp\/v2\/pages"}],"about":[{"href":"https:\/\/themelia.hr\/hr\/wp-json\/wp\/v2\/types\/page"}],"author":[{"embeddable":true,"href":"https:\/\/themelia.hr\/hr\/wp-json\/wp\/v2\/users\/3"}],"replies":[{"embeddable":true,"href":"https:\/\/themelia.hr\/hr\/wp-json\/wp\/v2\/comments?post=4777"}],"version-history":[{"count":2,"href":"https:\/\/themelia.hr\/hr\/wp-json\/wp\/v2\/pages\/4777\/revisions"}],"predecessor-version":[{"id":4779,"href":"https:\/\/themelia.hr\/hr\/wp-json\/wp\/v2\/pages\/4777\/revisions\/4779"}],"wp:attachment":[{"href":"https:\/\/themelia.hr\/hr\/wp-json\/wp\/v2\/media?parent=4777"}],"curies":[{"name":"wp","href":"https:\/\/api.w.org\/{rel}","templated":true}]}}